{"id":5521,"date":"2024-09-27T07:37:25","date_gmt":"2024-09-27T05:37:25","guid":{"rendered":"https:\/\/www.czvignette.com\/integritetspolicy\/"},"modified":"2024-09-27T07:37:25","modified_gmt":"2024-09-27T05:37:25","slug":"integritetspolicy","status":"publish","type":"page","link":"https:\/\/www.czvignette.com\/sv\/integritetspolicy\/","title":{"rendered":"Integritetspolicy"},"content":{"rendered":"\n<p><strong>Integritetspolicy och cookiepolicy  <\/strong><\/p>\n\n\n\n<p>1 november 2021<\/p>\n\n\n\n<p>Din integritet \u00e4r av stor betydelse f\u00f6r viaadmin.org. Vi f\u00f6ljer d\u00e4rf\u00f6r relevanta lagar och f\u00f6rordningar om integritet, inklusive den allm\u00e4nna dataskyddsf\u00f6rordningen (nedan kallad GDPR). Detta inneb\u00e4r att vi:  <\/p>\n\n\n\n<p>&#8211;&nbsp;&nbsp;&nbsp;&nbsp; &nbsp;&nbsp;<strong>Tydligt ange v\u00e5ra syften<\/strong>&nbsp;innan vi behandlar dina personuppgifter, genom denna integritetspolicy;<\/p>\n\n\n\n<p>&#8211;&nbsp;&nbsp;&nbsp;&nbsp; &nbsp;&nbsp;<strong>Lagra s\u00e5 lite personuppgifter som m\u00f6jligt<\/strong>&nbsp;och endast de uppgifter som \u00e4r n\u00f6dv\u00e4ndiga f\u00f6r v\u00e5ra \u00e4ndam\u00e5l;<\/p>\n\n\n\n<p>&#8211;&nbsp;&nbsp;&nbsp;&nbsp; &nbsp;&nbsp;<strong>Be uttryckligen om samtycke<\/strong>&nbsp;f\u00f6r att behandla dina personuppgifter, om samtycke kr\u00e4vs;<\/p>\n\n\n\n<p>&#8211;&nbsp;&nbsp;&nbsp;&nbsp;&nbsp;&nbsp;<strong>Vidta n\u00f6dv\u00e4ndiga s\u00e4kerhets\u00e5tg\u00e4rder<\/strong>&nbsp;f\u00f6r att skydda dina personuppgifter. Vi \u00e5l\u00e4gger \u00e4ven parter som behandlar personuppgifter f\u00f6r v\u00e5r r\u00e4kning dessa skyldigheter; <\/p>\n\n\n\n<p>&#8211;&nbsp;&nbsp;&nbsp;&nbsp; &nbsp;&nbsp;<strong>Respektera dina r\u00e4ttigheter<\/strong>&nbsp;, s\u00e5som r\u00e4tten att f\u00e5 tillg\u00e5ng till, korrigera eller radera dina personuppgifter som behandlas av oss.<\/p>\n\n\n\n<p>Dina uppgifter \u00e4r s\u00e4kra hos oss och vi kommer alltid att anv\u00e4nda dessa uppgifter p\u00e5 r\u00e4tt s\u00e4tt. I detta integritetsmeddelande f\u00f6rklarar vi vad vi p\u00e5 webbshoppen viaadmin.org g\u00f6r med information som vi l\u00e4r oss om dig. <\/p>\n\n\n\n<p>Om du har n\u00e5gra fr\u00e5gor eller vill veta exakt vilka uppgifter vi sparar om dig, v\u00e4nligen kontakta viaadmin.org.<\/p>\n\n\n\n<p>Hantering av <strong>best\u00e4llningar<\/strong><br>N\u00e4r du l\u00e4gger en best\u00e4llning hos oss anv\u00e4nder vi dina personuppgifter f\u00f6r att hantera den p\u00e5 r\u00e4tt s\u00e4tt. Vi kan sedan l\u00e4mna dina personuppgifter till v\u00e5r leveransservice f\u00f6r att f\u00e5 best\u00e4llningen levererad till dig. Vi f\u00e5r ocks\u00e5 information om din betalning fr\u00e5n din bank eller ditt kreditkortsf\u00f6retag. F\u00f6r detta anv\u00e4nder vi din:   <\/p>\n\n\n\n<ul class=\"wp-block-list\">\n<li>Namn och adressuppgifter<\/li>\n\n\n\n<li>E-postadress<\/li>\n\n\n\n<li>Betalningsinformation<\/li>\n\n\n\n<li>IP-adress<\/li>\n\n\n\n<li>Passuppgifter (f\u00f6delsedatum, k\u00f6n, foto, passnummer etc.)<\/li>\n<\/ul>\n\n\n\n<p>Vi beh\u00f6ver detta p\u00e5 grund av det avtal som vi ing\u00e5r med dig. Vi lagrar denna information tills din best\u00e4llning \u00e4r slutf\u00f6rd. Vi lagrar vissa kunduppgifter under l\u00e4ngre tid i samband med den lagstadgade skattem\u00e4ssiga lagringsskyldigheten.  <\/p>\n\n\n\n<p><em>Tillhandah\u00e5llande till tredje part<\/em><br>Vi samarbetar med vissa f\u00f6retag som kan komma att f\u00e5 dina personuppgifter som n\u00e4mns ovan fr\u00e5n oss.<\/p>\n\n\n\n<p>F\u00f6r att hantera order som vi arbetar tillsammans med:<\/p>\n\n\n\n<ul class=\"wp-block-list\">\n<li>V\u00e5ra betalningsleverant\u00f6rer Mollie och Multisafepay<\/li>\n\n\n\n<li>Regeringen eller utrikesministeriet i det land som du ans\u00f6ker om visum f\u00f6r<\/li>\n<\/ul>\n\n\n\n<p><strong>Kontaktformul\u00e4r<\/strong><br>Du kan anv\u00e4nda kontaktformul\u00e4ret f\u00f6r att st\u00e4lla fr\u00e5gor eller g\u00f6ra f\u00f6rfr\u00e5gningar till oss. F\u00f6r detta anv\u00e4nder vi din: <\/p>\n\n\n\n<ul class=\"wp-block-list\">\n<li>E-postadress<\/li>\n<\/ul>\n\n\n\n<p>Vi g\u00f6r detta baserat p\u00e5 ditt samtycke. Vi lagrar denna information tills vi \u00e4r s\u00e4kra p\u00e5 att du \u00e4r n\u00f6jd med v\u00e5rt svar. <\/p>\n\n\n\n<p><strong>Annonser<\/strong><br>I v\u00e5r webbshop visas annonser. Vi publicerar inte dessa sj\u00e4lva, men reklambyr\u00e5er som vi samarbetar med g\u00f6r det. Dessa byr\u00e5er h\u00e5ller reda p\u00e5 om du tycker att annonserna \u00e4r intressanta och anv\u00e4nder den informationen f\u00f6r att bara visa dig roliga eller intressanta annonser och erbjudanden i framtiden.  <\/p>\n\n\n\n<p><strong>Tillhandah\u00e5llande till andra f\u00f6retag eller institutioner<\/strong><br>Med undantag f\u00f6r de parter som \u00e4r n\u00f6dv\u00e4ndiga f\u00f6r att tillhandah\u00e5lla de tj\u00e4nster som n\u00e4mns ovan, kommer vi inte under n\u00e5gra omst\u00e4ndigheter att tillhandah\u00e5lla dina personuppgifter till andra f\u00f6retag eller institutioner, s\u00e5vida vi inte \u00e4r skyldiga att g\u00f6ra det enligt lag (till exempel om polisen kr\u00e4ver detta vid misstanke om brott).&nbsp;<\/p>\n\n\n\n<p><strong>Statistik<\/strong><br>Vi f\u00f6r statistik \u00f6ver anv\u00e4ndningen av v\u00e5r webbshop, men dessa uppgifter \u00e4r alltid anonymiserade.&nbsp;<\/p>\n\n\n\n<p><strong>Cookies<\/strong><br>V\u00e5r webbshop anv\u00e4nder cookies. Cookies \u00e4r sm\u00e5 filer d\u00e4r vi kan lagra information, s\u00e5 att du inte beh\u00f6ver fylla i den igen. Men vi kan ocks\u00e5 se att du bes\u00f6ker oss igen.  <\/p>\n\n\n\n<p>Du kan st\u00e4nga av placeringen av cookies via din webbl\u00e4sare, men vissa delar av v\u00e5r webbshop kommer d\u00e5 inte l\u00e4ngre att fungera korrekt.<\/p>\n\n\n\n<p>Vi har ing\u00e5tt avtal med andra f\u00f6retag som placerar ut cookies om anv\u00e4ndningen av cookies. Vi har dock inte full kontroll \u00f6ver vad de g\u00f6r med sj\u00e4lva kakorna. L\u00e4s d\u00e4rf\u00f6r \u00e4ven deras integritetspolicyer.  <\/p>\n\n\n\n<p>S\u00e4kerhet<br><strong>S\u00e4kerheten<\/strong> f\u00f6r personuppgifter \u00e4r av stor betydelse f\u00f6r oss. Vi ser till att dina uppgifter \u00e4r v\u00e4l skyddade hos oss. Vi justerar kontinuerligt s\u00e4kerheten och \u00e4r noga med att uppm\u00e4rksamma vad som kan g\u00e5 fel.  <\/p>\n\n\n\n<p><strong>\u00c4ndringar i detta integritetsmeddelande<\/strong><br>N\u00e4r v\u00e5r webbshop \u00e4ndras m\u00e5ste vi naturligtvis ocks\u00e5 justera integritetsmeddelandet. Var d\u00e4rf\u00f6r alltid uppm\u00e4rksam p\u00e5 datumet ovan och kontrollera regelbundet om det finns nya versioner. Vi kommer att g\u00f6ra v\u00e5rt b\u00e4sta f\u00f6r att vidarebefordra \u00e4ndringar till dig.  <\/p>\n\n\n\n<p><strong>Dina r\u00e4ttigheter<\/strong><br>Om du har n\u00e5gra fr\u00e5gor eller vill veta vilka personuppgifter vi har om dig kan du alltid kontakta oss. Se kontaktuppgifterna nedan. <\/p>\n\n\n\n<p>Du har f\u00f6ljande r\u00e4ttigheter:<\/p>\n\n\n\n<ul class=\"wp-block-list\">\n<li>F\u00e5 en f\u00f6rklaring till vilka personuppgifter vi har och vad vi g\u00f6r med dem;<\/li>\n\n\n\n<li>Tillg\u00e5ng till de exakta personuppgifter som vi har;<\/li>\n\n\n\n<li>Att f\u00e5 fel r\u00e4ttade;<\/li>\n\n\n\n<li>Att f\u00e5 inaktuella personuppgifter borttagna;<\/li>\n\n\n\n<li>\u00d6verf\u00f6ring av personuppgifter till annan part;<\/li>\n\n\n\n<li>\u00c5terkallande av samtycke;<\/li>\n\n\n\n<li>Begr\u00e4nsa en viss bearbetning;<\/li>\n\n\n\n<li>Att inv\u00e4nda mot en viss anv\u00e4ndning.<\/li>\n<\/ul>\n\n\n\n<p>Observera att du alltid tydligt ska ange vem du \u00e4r, s\u00e5 att vi kan vara s\u00e4kra p\u00e5 att vi inte justerar eller raderar uppgifter fr\u00e5n fel person.<\/p>\n\n\n\n<p>Vi kommer i princip att tillm\u00f6tesg\u00e5 din beg\u00e4ran inom en m\u00e5nad. Denna period kan dock f\u00f6rl\u00e4ngas av sk\u00e4l som har att g\u00f6ra med de registrerades s\u00e4rskilda r\u00e4ttigheter eller med hur komplicerad beg\u00e4ran \u00e4r. Om vi f\u00f6rl\u00e4nger denna period kommer vi att informera dig om det i god tid.  <\/p>\n\n\n\n<p>L\u00e4mna in <strong>ett klagom\u00e5l<\/strong><br>Om du vill l\u00e4mna in ett klagom\u00e5l om anv\u00e4ndningen av dina personuppgifter kan du skicka ett e-postmeddelande till contact@viaadmin.org. Vi kommer att hantera varje klagom\u00e5l internt och kommunicera detta vidare med dig. <\/p>\n\n\n\n<p>Om du anser att vi inte hj\u00e4lper dig p\u00e5 r\u00e4tt s\u00e4tt har du r\u00e4tt att l\u00e4mna in ett klagom\u00e5l till tillsynsmyndigheten. Detta kallas den nederl\u00e4ndska dataskyddsmyndigheten. <\/p>\n\n\n\n<p><strong>Kontaktuppgifter<\/strong><\/p>\n\n\n\n<p><strong>Adress<\/strong>: GOVIGNETTE LTD, a 128 City Road, London, F\u00f6renade kungariket, EC1V 2NX<\/p>\n\n\n\n<p>E-post: E-post: E-post:&nbsp;contact@viaadmin.org<\/p>\n\n\n\n<p>Kontakt : +44 077 5757 7501<\/p>\n","protected":false},"excerpt":{"rendered":"<p>Integritetspolicy och cookiepolicy 1 november 2021 Din integritet \u00e4r av stor betydelse f\u00f6r viaadmin.org. Vi f\u00f6ljer d\u00e4rf\u00f6r relevanta lagar och f\u00f6rordningar om integritet, inklusive den allm\u00e4nna dataskyddsf\u00f6rordningen (nedan kallad GDPR). Detta inneb\u00e4r att vi: &#8211;&nbsp;&nbsp;&nbsp;&nbsp; &nbsp;&nbsp;Tydligt ange v\u00e5ra syften&nbsp;innan vi behandlar dina personuppgifter, genom denna integritetspolicy; &#8211;&nbsp;&nbsp;&nbsp;&nbsp; &nbsp;&nbsp;Lagra s\u00e5 lite personuppgifter som m\u00f6jligt&nbsp;och endast de [&hellip;]<\/p>\n","protected":false},"author":1,"featured_media":0,"parent":0,"menu_order":0,"comment_status":"closed","ping_status":"closed","template":"","meta":{"inline_featured_image":false,"_uag_custom_page_level_css":"","site-sidebar-layout":"default","site-content-layout":"","ast-site-content-layout":"default","site-content-style":"default","site-sidebar-style":"default","ast-global-header-display":"","ast-banner-title-visibility":"","ast-main-header-display":"","ast-hfb-above-header-display":"","ast-hfb-below-header-display":"","ast-hfb-mobile-header-display":"","site-post-title":"","ast-breadcrumbs-content":"","ast-featured-img":"","footer-sml-layout":"","theme-transparent-header-meta":"","adv-header-id-meta":"","stick-header-meta":"","header-above-stick-meta":"","header-main-stick-meta":"","header-below-stick-meta":"","astra-migrate-meta-layouts":"default","ast-page-background-enabled":"default","ast-page-background-meta":{"desktop":{"background-color":"","background-image":"","background-repeat":"repeat","background-position":"center center","background-size":"auto","background-attachment":"scroll","background-type":"","background-media":"","overlay-type":"","overlay-color":"","overlay-opacity":"","overlay-gradient":""},"tablet":{"background-color":"","background-image":"","background-repeat":"repeat","background-position":"center center","background-size":"auto","background-attachment":"scroll","background-type":"","background-media":"","overlay-type":"","overlay-color":"","overlay-opacity":"","overlay-gradient":""},"mobile":{"background-color":"","background-image":"","background-repeat":"repeat","background-position":"center center","background-size":"auto","background-attachment":"scroll","background-type":"","background-media":"","overlay-type":"","overlay-color":"","overlay-opacity":"","overlay-gradient":""}},"ast-content-background-meta":{"desktop":{"background-color":"var(--ast-global-color-5)","background-image":"","background-repeat":"repeat","background-position":"center center","background-size":"auto","background-attachment":"scroll","background-type":"","background-media":"","overlay-type":"","overlay-color":"","overlay-opacity":"","overlay-gradient":""},"tablet":{"background-color":"var(--ast-global-color-5)","background-image":"","background-repeat":"repeat","background-position":"center center","background-size":"auto","background-attachment":"scroll","background-type":"","background-media":"","overlay-type":"","overlay-color":"","overlay-opacity":"","overlay-gradient":""},"mobile":{"background-color":"var(--ast-global-color-5)","background-image":"","background-repeat":"repeat","background-position":"center center","background-size":"auto","background-attachment":"scroll","background-type":"","background-media":"","overlay-type":"","overlay-color":"","overlay-opacity":"","overlay-gradient":""}},"footnotes":""},"categories":[],"tags":[152],"class_list":["post-5521","page","type-page","status-publish","hentry","tag-inget-index"],"uagb_featured_image_src":{"full":false,"thumbnail":false,"medium":false,"medium_large":false,"large":false,"1536x1536":false,"2048x2048":false},"uagb_author_info":{"display_name":"admin","author_link":"https:\/\/www.czvignette.com\/sv\/author\/admin\/"},"uagb_comment_info":0,"uagb_excerpt":"Integritetspolicy och cookiepolicy 1 november 2021 Din integritet \u00e4r av stor betydelse f\u00f6r viaadmin.org. Vi f\u00f6ljer d\u00e4rf\u00f6r relevanta lagar och f\u00f6rordningar om integritet, inklusive den allm\u00e4nna dataskyddsf\u00f6rordningen (nedan kallad GDPR). Detta inneb\u00e4r att vi: &#8211;&nbsp;&nbsp;&nbsp;&nbsp; &nbsp;&nbsp;Tydligt ange v\u00e5ra syften&nbsp;innan vi behandlar dina personuppgifter, genom denna integritetspolicy; &#8211;&nbsp;&nbsp;&nbsp;&nbsp; &nbsp;&nbsp;Lagra s\u00e5 lite personuppgifter som m\u00f6jligt&nbsp;och endast de&hellip;","_links":{"self":[{"href":"https:\/\/www.czvignette.com\/sv\/wp-json\/wp\/v2\/pages\/5521"}],"collection":[{"href":"https:\/\/www.czvignette.com\/sv\/wp-json\/wp\/v2\/pages"}],"about":[{"href":"https:\/\/www.czvignette.com\/sv\/wp-json\/wp\/v2\/types\/page"}],"author":[{"embeddable":true,"href":"https:\/\/www.czvignette.com\/sv\/wp-json\/wp\/v2\/users\/1"}],"replies":[{"embeddable":true,"href":"https:\/\/www.czvignette.com\/sv\/wp-json\/wp\/v2\/comments?post=5521"}],"version-history":[{"count":0,"href":"https:\/\/www.czvignette.com\/sv\/wp-json\/wp\/v2\/pages\/5521\/revisions"}],"wp:attachment":[{"href":"https:\/\/www.czvignette.com\/sv\/wp-json\/wp\/v2\/media?parent=5521"}],"wp:term":[{"taxonomy":"category","embeddable":true,"href":"https:\/\/www.czvignette.com\/sv\/wp-json\/wp\/v2\/categories?post=5521"},{"taxonomy":"post_tag","embeddable":true,"href":"https:\/\/www.czvignette.com\/sv\/wp-json\/wp\/v2\/tags?post=5521"}],"curies":[{"name":"wp","href":"https:\/\/api.w.org\/{rel}","templated":true}]}}