{"id":5421,"date":"2024-09-27T09:59:58","date_gmt":"2024-09-27T07:59:58","guid":{"rendered":"https:\/\/www.czvignette.com\/intrebari-frecvente\/"},"modified":"2024-11-09T12:30:22","modified_gmt":"2024-11-09T11:30:22","slug":"intrebari-frecvente","status":"publish","type":"page","link":"https:\/\/www.czvignette.com\/ro\/intrebari-frecvente\/","title":{"rendered":"\u00centreb\u0103ri frecvente"},"content":{"rendered":"\n<div class=\"wp-block-uagb-container uagb-block-25efe059 alignfull uagb-is-root-container\">\n<div class=\"wp-block-uagb-info-box uagb-block-ed10d392 uagb-infobox__content-wrap uagb-infobox-icon-above-title uagb-infobox-image-valign-top\"><div class=\"uagb-ifb-content\"><div class=\"uagb-ifb-title-wrap\"><h3 class=\"uagb-ifb-title\">Informa\u021bii practice pe care trebuie s\u0103 le \u0219ti\u021bi!<\/h3><\/div><\/div><\/div>\n<\/div>\n\n\n\n<div class=\"wp-block-uagb-container uagb-block-3578b4ec alignfull uagb-is-root-container\"><div class=\"uagb-container-inner-blocks-wrap\"><style>\n.accordion-content {\n    display: none;\n    padding: 10px;\n    border: 1px solid #ccc;\n    border-top: none;\n}\n\n.accordion-header {\n    cursor: pointer;\n    padding: 10px;\n    border: 1px solid #ccc;\n    margin: 0;\nbackground-color:#fafafa;\nmargin-bottom:10px;\nborder-radius:3px;\npadding-right:50px;\nposition: relative;\nfont-size:110%;\n}\n.accordion-header .qs {\n\n}\n.arrow {\n    position: absolute;\n    right: 10px;\n    top: 10px;\n}\n\n.arrow-up {\n    transform: rotate(180deg);\n}\n<\/style>\n\n\n<script>\njQuery(document).ready(function(){\n    jQuery(\".accordion-header\").click(function() {\n        \/\/ Toggle the arrow direction of the clicked header\n        jQuery(this).children(\".arrow\").toggleClass(\"arrow-up\", !jQuery(this).next().is(\":visible\"));\n        \n        \/\/ Close previously opened content and reset their arrows\n        jQuery(\".accordion-content\").not(jQuery(this).next()).slideUp().prev().children(\".arrow\").removeClass(\"arrow-up\");\n        jQuery(\".accordion-content\").not(jQuery(this).next()).prev().find(\".arrow\").html(\"&#9660;\"); \/\/ Reset other arrows to down\n        \n        jQuery(this).next().slideToggle();\n        if(jQuery(this).next().is(\":visible\")) {\n            jQuery(this).find(\".arrow\").html(\"&#9660;\"); \/\/ Change to up arrow\n        } else {\n            jQuery(this).find(\".arrow\").html(\"&#9650;\"); \/\/ Change back to down arrow\n        }\n    });\n});\n<\/script>\n\n\n<div class=\"accordion\"><h4 class=\"accordion-header\"><span class=\"qs\">Nu am primit niciun e-mail referitor la plat\u0103 sau finalizarea comenzii.<\/span><span class=\"arrow\">&#9660;<\/span><\/h4>\n            <div class=\"accordion-content\">\n            <p>Dac\u0103 adresa de e-mail este introdus\u0103 corect, v\u0103 rug\u0103m s\u0103 verifica\u021bi folderul de spam sau alte foldere \u00een care pot fi livrate e-mailuri cu informa\u021bii. \u00cen unele cazuri, este posibil s\u0103 nu g\u0103si\u021bi e-mailul \u00een coresponden\u021ba obi\u0219nuit\u0103.<\/p>\n            <\/div><h4 class=\"accordion-header\"><span class=\"qs\">Am f\u0103cut o gre\u0219eal\u0103 la introducerea num\u0103rului de \u00eenmatriculare sau a \u021b\u0103rii.<\/span><span class=\"arrow\">&#9660;<\/span><\/h4>\n            <div class=\"accordion-content\">\n            <p>Ve\u021bi g\u0103si un link c\u0103tre pagina de mul\u021bumire \u00een e-mailul dvs. dup\u0103 plat\u0103. Dac\u0103 comanda nu a fost \u00eenc\u0103 procesat\u0103, pute\u021bi modifica orice detalii, inclusiv \u021bara \u0219i num\u0103rul de \u00eenmatriculare. Din p\u0103cate, odat\u0103 ce comanda este finalizat\u0103, modific\u0103rile nu mai sunt posibile \u0219i trebuie creat\u0103 o comand\u0103 nou\u0103.<\/p>\n            <\/div><h4 class=\"accordion-header\"><span class=\"qs\">Vreau o viniet\u0103 de autostrad\u0103 pentru mai multe vehicule simultan.<\/span><span class=\"arrow\">&#9660;<\/span><\/h4>\n            <div class=\"accordion-content\">\n            <p>Dac\u0103 dori\u021bi s\u0103 achizi\u021biona\u021bi o viniet\u0103 autostrad\u0103 pentru mai multe vehicule simultan, v\u0103 rug\u0103m s\u0103 ne contacta\u021bi. Nu este necesar s\u0103 introduce\u021bi fiecare num\u0103r de \u00eenmatriculare separat - \u00cen mesajul dvs., v\u0103 rug\u0103m s\u0103 include\u021bi o list\u0103 a numerelor de \u00eenmatriculare pe care dori\u021bi s\u0103 le \u00eenmatricula\u021bi, durata \u0219ederii \u00een \u021bar\u0103 (sau \u021b\u0103ri) \u0219i data valabilit\u0103\u021bii. <\/p>\n            <\/div><h4 class=\"accordion-header\"><span class=\"qs\">Pot anula sau modifica timbrul achizi\u021bionat dac\u0103 mi se schimb\u0103 planurile de c\u0103l\u0103torie?<\/span><span class=\"arrow\">&#9660;<\/span><\/h4>\n            <div class=\"accordion-content\">\n            <p>De obicei, un bilet electronic este legat de un anumit vehicul \u0219i o anumit\u0103 perioad\u0103 de timp \u0219i nu poate fi transferat sau modificat dup\u0103 activare. \u00cen cazul unei erori la introducerea datelor sau al altor situa\u021bii excep\u021bionale, cel mai bine este s\u0103 ne contacta\u021bi c\u00e2t mai cur\u00e2nd posibil.<\/p>\n            <\/div><h4 class=\"accordion-header\"><span class=\"qs\">Am primit o amend\u0103 pentru o tax\u0103 de drum nepl\u0103tit\u0103.<\/span><span class=\"arrow\">&#9660;<\/span><\/h4>\n            <div class=\"accordion-content\">\n            <p>Nu am \u00eent\u00e2lnit \u00eenc\u0103 un caz \u00een care amenda s\u0103 nu fi fost justificat\u0103. \u00cen marea majoritate a cazurilor, motivul este c\u0103 unele date au fost completate gre\u0219it. Recomand\u0103m achitarea amenzii, deoarece sanc\u021biunile \u00een caz de neplat\u0103 pot fi mult mai mari.<\/p>\n            <\/div><h4 class=\"accordion-header\"><span class=\"qs\">Ce este o tax\u0103 de serviciu?<\/span><span class=\"arrow\">&#9660;<\/span><\/h4>\n            <div class=\"accordion-content\">\n            <p>Taxa de serviciu este utilizat\u0103 pentru a acoperi costurile serviciului, inclusiv costurile de furnizare a asisten\u021bei tehnice, serviciile de asisten\u021b\u0103 personalizat\u0103, verificarea manual\u0103 a comenzii \u0219i costurile de marketing.<\/p>\n            <\/div><h4 class=\"accordion-header\"><span class=\"qs\">Spui c\u0103 voi primi vinieta \u00een 3 minute, dar \u00eenc\u0103 nu am primit nimic. De ce?<\/span><span class=\"arrow\">&#9660;<\/span><\/h4>\n            <div class=\"accordion-content\">\n            <p>\u00cencerc\u0103m s\u0103 respect\u0103m c\u00e2t mai mult posibil timpul specificat. Prioritate au serviciile valabile de ast\u0103zi. Cu toate acestea, din motive independente de voin\u021ba noastr\u0103 (\u00eentreruperi ale gateway-ului de plat\u0103, servicii web de stat), \u00eenregistrarea poate fi prelungit\u0103 \u00een cazuri excep\u021bionale. De asemenea, v\u0103 recomand\u0103m s\u0103 verifica\u021bi cu aten\u021bie dac\u0103 a\u021bi introdus corect adresa de e-mail. Dac\u0103 a\u021bi introdus corect adresa de e-mail, v\u0103 rug\u0103m s\u0103 urma\u021bi pa\u0219ii de pe pagina afi\u0219at\u0103 dup\u0103 achizi\u021bie. Aici ve\u021bi g\u0103si informa\u021bii actuale, inclusiv starea comenzii dumneavoastr\u0103.<\/p>\n            <\/div><h4 class=\"accordion-header\"><span class=\"qs\">Vreau s\u0103 anulez comanda mea.<\/span><span class=\"arrow\">&#9660;<\/span><\/h4>\n            <div class=\"accordion-content\">\n            <p>Conform termenilor \u0219i condi\u021biilor, este posibil\u0103 rambursarea unei comenzi \u00eenainte de \u00eenceperea lucrului la aceasta. Dac\u0103 comanda este finalizat\u0103, rambursarea nu este posibil\u0103.<\/p>\n            <\/div><h4 class=\"accordion-header\"><span class=\"qs\">Planurile mele de c\u0103l\u0103torie s-au schimbat \u0219i vreau s\u0103 schimb data de check-in.<\/span><span class=\"arrow\">&#9660;<\/span><\/h4>\n            <div class=\"accordion-content\">\n            <p>Dac\u0103 serviciul a fost deja \u00eenregistrat pentru dvs., din p\u0103cate nu este posibil\u0103 modificarea valabilit\u0103\u021bii \u0219i trebuie s\u0103 \u00eel achizi\u021biona\u021bi din nou.<\/p>\n            <\/div><h4 class=\"accordion-header\"><span class=\"qs\">M-am r\u0103zg\u00e2ndit \u0219i vreau o rambursare<\/span><span class=\"arrow\">&#9660;<\/span><\/h4>\n            <div class=\"accordion-content\">\n            <p>Pute\u021bi anula serviciul chiar \u0219i dup\u0103 efectuarea pl\u0103\u021bii, \u00eenainte ca comanda s\u0103 fie procesat\u0103. Cea mai rapid\u0103 modalitate este prin intermediul linkului \u201eanulare comand\u0103\u201d de pe pagina cu detaliile comenzii dvs. Acolo ve\u021bi g\u0103si \u0219i starea actual\u0103 a comenzii dvs., inclusiv informa\u021bii despre op\u021biunile de anulare. Dac\u0103 nu cunoa\u0219te\u021bi adresa paginii, o pute\u021bi g\u0103si pur \u0219i simplu c\u0103ut\u00e2nd adresa de e-mail introdus\u0103 \u00een comand\u0103.<\/p>\n            <\/div><h4 class=\"accordion-header\"><span class=\"qs\">C\u00e2nd va fi activat\u0103 vinieta mea<\/span><span class=\"arrow\">&#9660;<\/span><\/h4>\n            <div class=\"accordion-content\">\n            <p>Dac\u0103 valabilitatea vinietei \u00eencepe \u00een mai mult de o zi, vom activa vinieta pentru dvs. \u00een termen de o zi \u00eenainte de \u00eenceperea valabilit\u0103\u021bii. Dac\u0103 data de expirare a vinietei este \u00een aceea\u0219i zi, \u00een ziua urm\u0103toare sau dac\u0103 a\u021bi achizi\u021bionat serviciul cu procesare prioritar\u0103, vom activa serviciul pentru dvs. imediat dup\u0103 achizi\u021bie - ne propunem s\u0103 activ\u0103m \u00een termen de 3 minute de la primirea pl\u0103\u021bii, dac\u0103 totul este \u00een ordine \u00een ceea ce prive\u0219te detaliile dvs.<\/p>\n            <\/div><\/div><script type=\"application\/ld+json\">\n    {\n      \"@context\": \"https:\/\/schema.org\",\n      \"@type\": \"FAQPage\",\n      \"mainEntity\": [{\n        \"@type\": \"Question\",\n        \"name\": \"Nu am primit niciun e-mail referitor la plat\u0103 sau finalizarea comenzii.\",\n        \"acceptedAnswer\": {\n          \"@type\": \"Answer\",\n          \"text\": \"Dac\u0103 adresa de e-mail este introdus\u0103 corect, v\u0103 rug\u0103m s\u0103 verifica\u021bi folderul de spam sau alte foldere \u00een care pot fi livrate e-mailuri cu informa\u021bii. \u00cen unele cazuri, este posibil s\u0103 nu g\u0103si\u021bi e-mailul \u00een coresponden\u021ba obi\u0219nuit\u0103.\"\n        }\n      },{\n        \"@type\": \"Question\",\n        \"name\": \"Am f\u0103cut o gre\u0219eal\u0103 la introducerea num\u0103rului de \u00eenmatriculare sau a \u021b\u0103rii.\",\n        \"acceptedAnswer\": {\n          \"@type\": \"Answer\",\n          \"text\": \"Ve\u021bi g\u0103si un link c\u0103tre pagina de mul\u021bumire \u00een e-mailul dvs. dup\u0103 plat\u0103. Dac\u0103 comanda nu a fost \u00eenc\u0103 procesat\u0103, pute\u021bi modifica orice detalii, inclusiv \u021bara \u0219i num\u0103rul de \u00eenmatriculare. Din p\u0103cate, odat\u0103 ce comanda este finalizat\u0103, modific\u0103rile nu mai sunt posibile \u0219i trebuie creat\u0103 o comand\u0103 nou\u0103.\"\n        }\n      },{\n        \"@type\": \"Question\",\n        \"name\": \"Vreau o viniet\u0103 de autostrad\u0103 pentru mai multe vehicule simultan.\",\n        \"acceptedAnswer\": {\n          \"@type\": \"Answer\",\n          \"text\": \"Dac\u0103 dori\u021bi s\u0103 achizi\u021biona\u021bi o viniet\u0103 autostrad\u0103 pentru mai multe vehicule simultan, v\u0103 rug\u0103m s\u0103 ne contacta\u021bi. Nu este necesar s\u0103 introduce\u021bi fiecare num\u0103r de \u00eenmatriculare separat - \u00cen mesajul dvs., v\u0103 rug\u0103m s\u0103 include\u021bi o list\u0103 a numerelor de \u00eenmatriculare pe care dori\u021bi s\u0103 le \u00eenmatricula\u021bi, durata \u0219ederii \u00een \u021bar\u0103 (sau \u021b\u0103ri) \u0219i data valabilit\u0103\u021bii. \"\n        }\n      },{\n        \"@type\": \"Question\",\n        \"name\": \"Pot anula sau modifica timbrul achizi\u021bionat dac\u0103 mi se schimb\u0103 planurile de c\u0103l\u0103torie?\",\n        \"acceptedAnswer\": {\n          \"@type\": \"Answer\",\n          \"text\": \"De obicei, un bilet electronic este legat de un anumit vehicul \u0219i o anumit\u0103 perioad\u0103 de timp \u0219i nu poate fi transferat sau modificat dup\u0103 activare. \u00cen cazul unei erori la introducerea datelor sau al altor situa\u021bii excep\u021bionale, cel mai bine este s\u0103 ne contacta\u021bi c\u00e2t mai cur\u00e2nd posibil.\"\n        }\n      },{\n        \"@type\": \"Question\",\n        \"name\": \"Am primit o amend\u0103 pentru o tax\u0103 de drum nepl\u0103tit\u0103.\",\n        \"acceptedAnswer\": {\n          \"@type\": \"Answer\",\n          \"text\": \"Nu am \u00eent\u00e2lnit \u00eenc\u0103 un caz \u00een care amenda s\u0103 nu fi fost justificat\u0103. \u00cen marea majoritate a cazurilor, motivul este c\u0103 unele date au fost completate gre\u0219it. Recomand\u0103m achitarea amenzii, deoarece sanc\u021biunile \u00een caz de neplat\u0103 pot fi mult mai mari.\"\n        }\n      },{\n        \"@type\": \"Question\",\n        \"name\": \"Ce este o tax\u0103 de serviciu?\",\n        \"acceptedAnswer\": {\n          \"@type\": \"Answer\",\n          \"text\": \"Taxa de serviciu este utilizat\u0103 pentru a acoperi costurile serviciului, inclusiv costurile de furnizare a asisten\u021bei tehnice, serviciile de asisten\u021b\u0103 personalizat\u0103, verificarea manual\u0103 a comenzii \u0219i costurile de marketing.\"\n        }\n      },{\n        \"@type\": \"Question\",\n        \"name\": \"Spui c\u0103 voi primi vinieta \u00een 3 minute, dar \u00eenc\u0103 nu am primit nimic. De ce?\",\n        \"acceptedAnswer\": {\n          \"@type\": \"Answer\",\n          \"text\": \"\u00cencerc\u0103m s\u0103 respect\u0103m c\u00e2t mai mult posibil timpul specificat. Prioritate au serviciile valabile de ast\u0103zi. Cu toate acestea, din motive independente de voin\u021ba noastr\u0103 (\u00eentreruperi ale gateway-ului de plat\u0103, servicii web de stat), \u00eenregistrarea poate fi prelungit\u0103 \u00een cazuri excep\u021bionale. De asemenea, v\u0103 recomand\u0103m s\u0103 verifica\u021bi cu aten\u021bie dac\u0103 a\u021bi introdus corect adresa de e-mail. Dac\u0103 a\u021bi introdus corect adresa de e-mail, v\u0103 rug\u0103m s\u0103 urma\u021bi pa\u0219ii de pe pagina afi\u0219at\u0103 dup\u0103 achizi\u021bie. Aici ve\u021bi g\u0103si informa\u021bii actuale, inclusiv starea comenzii dumneavoastr\u0103.\"\n        }\n      },{\n        \"@type\": \"Question\",\n        \"name\": \"Vreau s\u0103 anulez comanda mea.\",\n        \"acceptedAnswer\": {\n          \"@type\": \"Answer\",\n          \"text\": \"Conform termenilor \u0219i condi\u021biilor, este posibil\u0103 rambursarea unei comenzi \u00eenainte de \u00eenceperea lucrului la aceasta. Dac\u0103 comanda este finalizat\u0103, rambursarea nu este posibil\u0103.\"\n        }\n      },{\n        \"@type\": \"Question\",\n        \"name\": \"Planurile mele de c\u0103l\u0103torie s-au schimbat \u0219i vreau s\u0103 schimb data de check-in.\",\n        \"acceptedAnswer\": {\n          \"@type\": \"Answer\",\n          \"text\": \"Dac\u0103 serviciul a fost deja \u00eenregistrat pentru dvs., din p\u0103cate nu este posibil\u0103 modificarea valabilit\u0103\u021bii \u0219i trebuie s\u0103 \u00eel achizi\u021biona\u021bi din nou.\"\n        }\n      },{\n        \"@type\": \"Question\",\n        \"name\": \"M-am r\u0103zg\u00e2ndit \u0219i vreau o rambursare\",\n        \"acceptedAnswer\": {\n          \"@type\": \"Answer\",\n          \"text\": \"Pute\u021bi anula serviciul chiar \u0219i dup\u0103 efectuarea pl\u0103\u021bii, \u00eenainte ca comanda s\u0103 fie procesat\u0103. Cea mai rapid\u0103 modalitate este prin intermediul linkului \u201eanulare comand\u0103\u201d de pe pagina cu detaliile comenzii dvs. Acolo ve\u021bi g\u0103si \u0219i starea actual\u0103 a comenzii dvs., inclusiv informa\u021bii despre op\u021biunile de anulare. Dac\u0103 nu cunoa\u0219te\u021bi adresa paginii, o pute\u021bi g\u0103si pur \u0219i simplu c\u0103ut\u00e2nd adresa de e-mail introdus\u0103 \u00een comand\u0103.\"\n        }\n      },{\n        \"@type\": \"Question\",\n        \"name\": \"C\u00e2nd va fi activat\u0103 vinieta mea\",\n        \"acceptedAnswer\": {\n          \"@type\": \"Answer\",\n          \"text\": \"Dac\u0103 valabilitatea vinietei \u00eencepe \u00een mai mult de o zi, vom activa vinieta pentru dvs. \u00een termen de o zi \u00eenainte de \u00eenceperea valabilit\u0103\u021bii. Dac\u0103 data de expirare a vinietei este \u00een aceea\u0219i zi, \u00een ziua urm\u0103toare sau dac\u0103 a\u021bi achizi\u021bionat serviciul cu procesare prioritar\u0103, vom activa serviciul pentru dvs. imediat dup\u0103 achizi\u021bie - ne propunem s\u0103 activ\u0103m \u00een termen de 3 minute de la primirea pl\u0103\u021bii, dac\u0103 totul este \u00een ordine \u00een ceea ce prive\u0219te detaliile dvs.\"\n        }\n      }\n      ]\n    }\n    <\/script>\n<\/div><\/div>\n\n\n\n<p><\/p>\n","protected":false},"excerpt":{"rendered":"","protected":false},"author":2,"featured_media":0,"parent":0,"menu_order":0,"comment_status":"closed","ping_status":"closed","template":"","meta":{"inline_featured_image":false,"_uag_custom_page_level_css":"","site-sidebar-layout":"no-sidebar","site-content-layout":"plain-container","ast-site-content-layout":"full-width-container","site-content-style":"unboxed","site-sidebar-style":"unboxed","ast-global-header-display":"","ast-banner-title-visibility":"","ast-main-header-display":"","ast-hfb-above-header-display":"","ast-hfb-below-header-display":"","ast-hfb-mobile-header-display":"","site-post-title":"disabled","ast-breadcrumbs-content":"","ast-featured-img":"","footer-sml-layout":"","theme-transparent-header-meta":"enabled","adv-header-id-meta":"","stick-header-meta":"","header-above-stick-meta":"","header-main-stick-meta":"","header-below-stick-meta":"","astra-migrate-meta-layouts":"default","ast-page-background-enabled":"default","ast-page-background-meta":{"desktop":{"background-color":"","background-image":"","background-repeat":"repeat","background-position":"center center","background-size":"auto","background-attachment":"scroll","background-type":"","background-media":"","overlay-type":"","overlay-color":"","overlay-opacity":"","overlay-gradient":""},"tablet":{"background-color":"","background-image":"","background-repeat":"repeat","background-position":"center center","background-size":"auto","background-attachment":"scroll","background-type":"","background-media":"","overlay-type":"","overlay-color":"","overlay-opacity":"","overlay-gradient":""},"mobile":{"background-color":"","background-image":"","background-repeat":"repeat","background-position":"center center","background-size":"auto","background-attachment":"scroll","background-type":"","background-media":"","overlay-type":"","overlay-color":"","overlay-opacity":"","overlay-gradient":""}},"ast-content-background-meta":{"desktop":{"background-color":"var(--ast-global-color-5)","background-image":"","background-repeat":"repeat","background-position":"center center","background-size":"auto","background-attachment":"scroll","background-type":"","background-media":"","overlay-type":"","overlay-color":"","overlay-opacity":"","overlay-gradient":""},"tablet":{"background-color":"var(--ast-global-color-5)","background-image":"","background-repeat":"repeat","background-position":"center center","background-size":"auto","background-attachment":"scroll","background-type":"","background-media":"","overlay-type":"","overlay-color":"","overlay-opacity":"","overlay-gradient":""},"mobile":{"background-color":"var(--ast-global-color-5)","background-image":"","background-repeat":"repeat","background-position":"center center","background-size":"auto","background-attachment":"scroll","background-type":"","background-media":"","overlay-type":"","overlay-color":"","overlay-opacity":"","overlay-gradient":""}},"footnotes":""},"categories":[],"tags":[],"class_list":["post-5421","page","type-page","status-publish","hentry"],"uagb_featured_image_src":{"full":false,"thumbnail":false,"medium":false,"medium_large":false,"large":false,"1536x1536":false,"2048x2048":false},"uagb_author_info":{"display_name":"shubham","author_link":"https:\/\/www.czvignette.com\/ro\/author\/shubham\/"},"uagb_comment_info":0,"uagb_excerpt":null,"_links":{"self":[{"href":"https:\/\/www.czvignette.com\/ro\/wp-json\/wp\/v2\/pages\/5421"}],"collection":[{"href":"https:\/\/www.czvignette.com\/ro\/wp-json\/wp\/v2\/pages"}],"about":[{"href":"https:\/\/www.czvignette.com\/ro\/wp-json\/wp\/v2\/types\/page"}],"author":[{"embeddable":true,"href":"https:\/\/www.czvignette.com\/ro\/wp-json\/wp\/v2\/users\/2"}],"replies":[{"embeddable":true,"href":"https:\/\/www.czvignette.com\/ro\/wp-json\/wp\/v2\/comments?post=5421"}],"version-history":[{"count":2,"href":"https:\/\/www.czvignette.com\/ro\/wp-json\/wp\/v2\/pages\/5421\/revisions"}],"predecessor-version":[{"id":6419,"href":"https:\/\/www.czvignette.com\/ro\/wp-json\/wp\/v2\/pages\/5421\/revisions\/6419"}],"wp:attachment":[{"href":"https:\/\/www.czvignette.com\/ro\/wp-json\/wp\/v2\/media?parent=5421"}],"wp:term":[{"taxonomy":"category","embeddable":true,"href":"https:\/\/www.czvignette.com\/ro\/wp-json\/wp\/v2\/categories?post=5421"},{"taxonomy":"post_tag","embeddable":true,"href":"https:\/\/www.czvignette.com\/ro\/wp-json\/wp\/v2\/tags?post=5421"}],"curies":[{"name":"wp","href":"https:\/\/api.w.org\/{rel}","templated":true}]}}