{"id":4504,"date":"2024-09-27T07:37:25","date_gmt":"2024-09-27T05:37:25","guid":{"rendered":"https:\/\/www.czvignette.com\/politica-de-confidentialitate\/"},"modified":"2024-09-27T07:37:25","modified_gmt":"2024-09-27T05:37:25","slug":"politica-de-confidentialitate","status":"publish","type":"page","link":"https:\/\/www.czvignette.com\/ro\/politica-de-confidentialitate\/","title":{"rendered":"Politica de confiden\u021bialitate"},"content":{"rendered":"\n<p><strong>Declara\u021bie privind confiden\u021bialitatea \u0219i cookie-urile  <\/strong><\/p>\n\n\n\n<p>1 noiembrie 2021<\/p>\n\n\n\n<p>Confiden\u021bialitatea dumneavoastr\u0103 este foarte important\u0103 pentru viaadmin.org. Prin urmare, respect\u0103m legile \u0219i reglement\u0103rile relevante privind confiden\u021bialitatea, inclusiv Regulamentul general privind protec\u021bia datelor (denumit \u00een continuare: GDPR). Aceasta \u00eenseamn\u0103 c\u0103 noi:  <\/p>\n\n\n\n<p>&#8211;&nbsp;&nbsp;&nbsp;&nbsp; &nbsp;&nbsp;<strong>Stabilim \u00een<\/strong> mod<strong>clar scopurile noastre<\/strong>&nbsp;\u00eenainte de a prelucra datele dvs. personale, prin intermediul acestei declara\u021bii de confiden\u021bialitate;<\/p>\n\n\n\n<p>&#8211;&nbsp;&nbsp;&nbsp;&nbsp; &nbsp;&nbsp;<strong>Stoca\u021bi c\u00e2t mai pu\u021bine date cu caracter personal<\/strong>&nbsp;\u0219i numai datele care sunt necesare pentru scopurile noastre;<\/p>\n\n\n\n<p>&#8211;&nbsp;&nbsp;&nbsp;&nbsp; &nbsp;&nbsp;<strong>Cere\u021bi \u00een mod explicit consim\u021b\u0103m\u00e2ntul<\/strong>&nbsp;pentru prelucrarea datelor dumneavoastr\u0103 cu caracter personal, \u00een cazul \u00een care consim\u021b\u0103m\u00e2ntul este necesar;<\/p>\n\n\n\n<p>&#8211;&nbsp;&nbsp;&nbsp;&nbsp;&nbsp;&nbsp;<strong>lu\u0103m m\u0103surile de securitate necesare<\/strong>&nbsp;pentru a v\u0103 proteja datele cu caracter personal. De asemenea, impunem aceste obliga\u021bii p\u0103r\u021bilor care prelucreaz\u0103 date cu caracter personal pentru noi; <\/p>\n\n\n\n<p>&#8211;&nbsp;&nbsp;&nbsp;&nbsp; &nbsp;&nbsp;<strong>Respectarea drepturilor dumneavoastr\u0103<\/strong>&nbsp;, cum ar fi dreptul de a accesa, corecta sau \u0219terge datele dumneavoastr\u0103 personale prelucrate de noi.<\/p>\n\n\n\n<p>Datele dvs. sunt \u00een siguran\u021b\u0103 la noi \u0219i le vom utiliza \u00eentotdeauna \u00een mod corespunz\u0103tor. \u00cen aceast\u0103 declara\u021bie de confiden\u021bialitate explic\u0103m ce facem noi, cei de la magazinul online viaadmin.org, cu informa\u021biile pe care le afl\u0103m despre dumneavoastr\u0103. <\/p>\n\n\n\n<p>Dac\u0103 ave\u021bi \u00eentreb\u0103ri sau dori\u021bi s\u0103 \u0219ti\u021bi exact ce date p\u0103str\u0103m despre dvs., v\u0103 rug\u0103m s\u0103 contacta\u021bi viaadmin.org.<\/p>\n\n\n\n<p><strong>Procesarea comenzilor<\/strong><br>Atunci c\u00e2nd plasa\u021bi o comand\u0103 la noi, folosim datele dvs. personale pentru a o procesa \u00een mod corespunz\u0103tor. Apoi, este posibil s\u0103 furniz\u0103m datele dvs. personale serviciului nostru de livrare pentru ca comanda s\u0103 v\u0103 fie livrat\u0103. De asemenea, primim informa\u021bii despre plata dvs. de la banca sau compania de carduri de credit. Pentru aceasta folosim datele dvs:   <\/p>\n\n\n\n<ul class=\"wp-block-list\">\n<li>Numele \u0219i adresa<\/li>\n\n\n\n<li>Adresa de e-mail<\/li>\n\n\n\n<li>Detalii de plat\u0103<\/li>\n\n\n\n<li>Adresa IP<\/li>\n\n\n\n<li>Detalii privind pa\u0219aportul (data na\u0219terii, sexul, fotografia, num\u0103rul pa\u0219aportului etc.)<\/li>\n<\/ul>\n\n\n\n<p>Avem nevoie de aceste informa\u021bii din cauza contractului pe care \u00eel \u00eencheiem cu dumneavoastr\u0103. Stoc\u0103m aceste informa\u021bii p\u00e2n\u0103 c\u00e2nd comanda dvs. este finalizat\u0103. Stoc\u0103m anumite date ale clien\u021bilor pentru o perioad\u0103 mai lung\u0103 \u00een leg\u0103tur\u0103 cu obliga\u021bia legal\u0103 de p\u0103strare fiscal\u0103.  <\/p>\n\n\n\n<p><em>Furnizarea c\u0103tre ter\u021bi<\/em><br>Lucr\u0103m cu anumite companii care pot primi de la noi datele dumneavoastr\u0103 cu caracter personal men\u021bionate mai sus.<\/p>\n\n\n\n<p>Pentru a procesa comenzile, lucr\u0103m \u00eempreun\u0103 cu:<\/p>\n\n\n\n<ul class=\"wp-block-list\">\n<li>Furnizorii no\u0219tri de pl\u0103\u021bi Mollie \u0219i Multisafepay<\/li>\n\n\n\n<li>Guvernul sau Ministerul Afacerilor Externe al \u021b\u0103rii pentru care solicita\u021bi o viz\u0103<\/li>\n<\/ul>\n\n\n\n<p><strong>Formular de contact<\/strong><br>Pute\u021bi utiliza formularul de contact pentru a ne pune \u00eentreb\u0103ri sau pentru a face cereri. Pentru aceasta folosim datele dvs: <\/p>\n\n\n\n<ul class=\"wp-block-list\">\n<li>Adresa de e-mail<\/li>\n<\/ul>\n\n\n\n<p>Facem acest lucru pe baza consim\u021b\u0103m\u00e2ntului dumneavoastr\u0103. Stoc\u0103m aceste informa\u021bii p\u00e2n\u0103 c\u00e2nd suntem siguri c\u0103 sunte\u021bi mul\u021bumit de r\u0103spunsul nostru. <\/p>\n\n\n\n<p><strong>Reclame<\/strong><br>Magazinul nostru web afi\u0219eaz\u0103 reclame. Nu le public\u0103m noi \u00een\u0219ine, ci o fac agen\u021biile de publicitate cu care colabor\u0103m. Aceste agen\u021bii monitorizeaz\u0103 dac\u0103 reclamele vi se par interesante \u0219i folosesc aceste informa\u021bii pentru a v\u0103 afi\u0219a \u00een viitor numai reclame \u0219i oferte distractive sau interesante.  <\/p>\n\n\n\n<p><strong>Furnizarea c\u0103tre alte companii sau institu\u021bii<\/strong><br>Cu excep\u021bia p\u0103r\u021bilor care sunt necesare pentru furnizarea serviciilor men\u021bionate mai sus, nu vom furniza datele dvs. cu caracter personal altor companii sau institu\u021bii \u00een niciun caz, cu excep\u021bia cazului \u00een care suntem obliga\u021bi prin lege s\u0103 facem acest lucru (de exemplu, dac\u0103 poli\u021bia solicit\u0103 acest lucru \u00een cazul unei suspiciuni de infrac\u021biune).&nbsp;<\/p>\n\n\n\n<p><strong>Statistici<\/strong><br>P\u0103str\u0103m statistici cu privire la utilizarea magazinului nostru web, \u00eens\u0103 aceste date sunt \u00eentotdeauna anonimizate.&nbsp;<\/p>\n\n\n\n<p><strong>Cookie-uri<\/strong><br>Magazinul nostru online utilizeaz\u0103 cookie-uri. Cookie-urile sunt fi\u0219iere mici \u00een care putem stoca informa\u021bii, astfel \u00eenc\u00e2t s\u0103 nu trebuiasc\u0103 s\u0103 le completa\u021bi din nou. Dar putem, de asemenea, s\u0103 vedem c\u0103 ne vizita\u021bi din nou.  <\/p>\n\n\n\n<p>Pute\u021bi dezactiva plasarea de module cookie prin intermediul browserului dvs., \u00eens\u0103 unele p\u0103r\u021bi ale magazinului nostru online nu vor mai func\u021biona corespunz\u0103tor.<\/p>\n\n\n\n<p>Am \u00eencheiat acorduri cu alte companii care plaseaz\u0103 module cookie cu privire la utilizarea modulelor cookie. Cu toate acestea, nu avem control deplin asupra a ceea ce fac acestea cu cookie-urile \u00een sine. A\u0219adar, citi\u021bi \u0219i declara\u021biile lor de confiden\u021bialitate.  <\/p>\n\n\n\n<p><strong>Securitate<\/strong><br>Securitatea datelor cu caracter personal este foarte important\u0103 pentru noi. Ne asigur\u0103m c\u0103 datele dvs. sunt bine securizate la noi. Ajust\u0103m continuu securitatea \u0219i suntem foarte aten\u021bi la ceea ce poate merge prost.  <\/p>\n\n\n\n<p><strong>Modific\u0103ri ale acestei declara\u021bii de confiden\u021bialitate<\/strong><br>Atunci c\u00e2nd magazinul nostru online se modific\u0103, trebuie, desigur, s\u0103 ajust\u0103m \u0219i declara\u021bia de confiden\u021bialitate. Prin urmare, acorda\u021bi \u00eentotdeauna aten\u021bie datei de mai sus \u0219i verifica\u021bi \u00een mod regulat noile versiuni. Vom face tot posibilul s\u0103 v\u0103 transmitem modific\u0103rile.  <\/p>\n\n\n\n<p><strong>Drepturile dumneavoastr\u0103<\/strong><br>Dac\u0103 ave\u021bi \u00eentreb\u0103ri sau dori\u021bi s\u0103 afla\u021bi ce date cu caracter personal avem despre dumneavoastr\u0103, ne pute\u021bi contacta oric\u00e2nd. Vede\u021bi detaliile de contact de mai jos. <\/p>\n\n\n\n<p>Ave\u021bi urm\u0103toarele drepturi:<\/p>\n\n\n\n<ul class=\"wp-block-list\">\n<li>S\u0103 primi\u021bi o explica\u021bie cu privire la datele cu caracter personal pe care le de\u021binem \u0219i ce facem cu acestea;<\/li>\n\n\n\n<li>Accesul la datele personale exacte pe care le de\u021binem;<\/li>\n\n\n\n<li>Corectarea erorilor;<\/li>\n\n\n\n<li>Eliminarea datelor personale neactualizate;<\/li>\n\n\n\n<li>Transferul datelor cu caracter personal c\u0103tre o alt\u0103 parte;<\/li>\n\n\n\n<li>Retragerea consim\u021b\u0103m\u00e2ntului;<\/li>\n\n\n\n<li>Restric\u021bionarea unei anumite prelucr\u0103ri;<\/li>\n\n\n\n<li>Pentru a se opune unei anumite utiliz\u0103ri.<\/li>\n<\/ul>\n\n\n\n<p>V\u0103 rug\u0103m s\u0103 re\u021bine\u021bi c\u0103 trebuie s\u0103 indica\u021bi \u00eentotdeauna \u00een mod clar cine sunte\u021bi, astfel \u00eenc\u00e2t s\u0103 ne putem asigura c\u0103 nu ajust\u0103m sau \u0219tergem datele de la persoana gre\u0219it\u0103.<\/p>\n\n\n\n<p>\u00cen principiu, ne vom conforma solicit\u0103rii dumneavoastr\u0103 \u00een termen de o lun\u0103. Cu toate acestea, aceast\u0103 perioad\u0103 poate fi prelungit\u0103 din motive legate de drepturile specifice ale persoanelor vizate sau de complexitatea cererii. Dac\u0103 vom prelungi aceast\u0103 perioad\u0103, v\u0103 vom informa \u00een timp util.  <\/p>\n\n\n\n<p><strong>Depunerea unei pl\u00e2ngeri<\/strong><br>Dac\u0103 dori\u021bi s\u0103 depune\u021bi o pl\u00e2ngere cu privire la utilizarea datelor dvs. personale, pute\u021bi trimite un e-mail la contact@viaadmin.org. Vom trata fiecare pl\u00e2ngere la nivel intern \u0219i v\u0103 vom comunica acest lucru ulterior. <\/p>\n\n\n\n<p>Dac\u0103 considera\u021bi c\u0103 nu v\u0103 ajut\u0103m \u00een mod corect, ave\u021bi dreptul de a depune o pl\u00e2ngere la autoritatea de supraveghere. Aceasta se nume\u0219te Autoritatea olandez\u0103 pentru protec\u021bia datelor. <\/p>\n\n\n\n<p><strong>Date de contact<\/strong><\/p>\n\n\n\n<p><strong>Adresa<\/strong>: GOVIGNETTE LTD, a 128 City Road, Londra, Regatul Unit, EC1V 2NX<\/p>\n\n\n\n<p>E-Mail: E-mail:&nbsp;contact@viaadmin.org<\/p>\n\n\n\n<p>Contact : +44 077 5757 7501<\/p>\n","protected":false},"excerpt":{"rendered":"<p>Declara\u021bie privind confiden\u021bialitatea \u0219i cookie-urile 1 noiembrie 2021 Confiden\u021bialitatea dumneavoastr\u0103 este foarte important\u0103 pentru viaadmin.org. Prin urmare, respect\u0103m legile \u0219i reglement\u0103rile relevante privind confiden\u021bialitatea, inclusiv Regulamentul general privind protec\u021bia datelor (denumit \u00een continuare: GDPR). Aceasta \u00eenseamn\u0103 c\u0103 noi: &#8211;&nbsp;&nbsp;&nbsp;&nbsp; &nbsp;&nbsp;Stabilim \u00een modclar scopurile noastre&nbsp;\u00eenainte de a prelucra datele dvs. personale, prin intermediul acestei declara\u021bii de [&hellip;]<\/p>\n","protected":false},"author":1,"featured_media":0,"parent":0,"menu_order":0,"comment_status":"closed","ping_status":"closed","template":"","meta":{"inline_featured_image":false,"_uag_custom_page_level_css":"","site-sidebar-layout":"default","site-content-layout":"","ast-site-content-layout":"default","site-content-style":"default","site-sidebar-style":"default","ast-global-header-display":"","ast-banner-title-visibility":"","ast-main-header-display":"","ast-hfb-above-header-display":"","ast-hfb-below-header-display":"","ast-hfb-mobile-header-display":"","site-post-title":"","ast-breadcrumbs-content":"","ast-featured-img":"","footer-sml-layout":"","theme-transparent-header-meta":"","adv-header-id-meta":"","stick-header-meta":"","header-above-stick-meta":"","header-main-stick-meta":"","header-below-stick-meta":"","astra-migrate-meta-layouts":"default","ast-page-background-enabled":"default","ast-page-background-meta":{"desktop":{"background-color":"","background-image":"","background-repeat":"repeat","background-position":"center center","background-size":"auto","background-attachment":"scroll","background-type":"","background-media":"","overlay-type":"","overlay-color":"","overlay-opacity":"","overlay-gradient":""},"tablet":{"background-color":"","background-image":"","background-repeat":"repeat","background-position":"center center","background-size":"auto","background-attachment":"scroll","background-type":"","background-media":"","overlay-type":"","overlay-color":"","overlay-opacity":"","overlay-gradient":""},"mobile":{"background-color":"","background-image":"","background-repeat":"repeat","background-position":"center center","background-size":"auto","background-attachment":"scroll","background-type":"","background-media":"","overlay-type":"","overlay-color":"","overlay-opacity":"","overlay-gradient":""}},"ast-content-background-meta":{"desktop":{"background-color":"var(--ast-global-color-5)","background-image":"","background-repeat":"repeat","background-position":"center center","background-size":"auto","background-attachment":"scroll","background-type":"","background-media":"","overlay-type":"","overlay-color":"","overlay-opacity":"","overlay-gradient":""},"tablet":{"background-color":"var(--ast-global-color-5)","background-image":"","background-repeat":"repeat","background-position":"center center","background-size":"auto","background-attachment":"scroll","background-type":"","background-media":"","overlay-type":"","overlay-color":"","overlay-opacity":"","overlay-gradient":""},"mobile":{"background-color":"var(--ast-global-color-5)","background-image":"","background-repeat":"repeat","background-position":"center center","background-size":"auto","background-attachment":"scroll","background-type":"","background-media":"","overlay-type":"","overlay-color":"","overlay-opacity":"","overlay-gradient":""}},"footnotes":""},"categories":[],"tags":[128],"class_list":["post-4504","page","type-page","status-publish","hentry","tag-noindex-ro"],"uagb_featured_image_src":{"full":false,"thumbnail":false,"medium":false,"medium_large":false,"large":false,"1536x1536":false,"2048x2048":false},"uagb_author_info":{"display_name":"admin","author_link":"https:\/\/www.czvignette.com\/ro\/author\/admin\/"},"uagb_comment_info":0,"uagb_excerpt":"Declara\u021bie privind confiden\u021bialitatea \u0219i cookie-urile 1 noiembrie 2021 Confiden\u021bialitatea dumneavoastr\u0103 este foarte important\u0103 pentru viaadmin.org. Prin urmare, respect\u0103m legile \u0219i reglement\u0103rile relevante privind confiden\u021bialitatea, inclusiv Regulamentul general privind protec\u021bia datelor (denumit \u00een continuare: GDPR). Aceasta \u00eenseamn\u0103 c\u0103 noi: &#8211;&nbsp;&nbsp;&nbsp;&nbsp; &nbsp;&nbsp;Stabilim \u00een modclar scopurile noastre&nbsp;\u00eenainte de a prelucra datele dvs. personale, prin intermediul acestei declara\u021bii de&hellip;","_links":{"self":[{"href":"https:\/\/www.czvignette.com\/ro\/wp-json\/wp\/v2\/pages\/4504"}],"collection":[{"href":"https:\/\/www.czvignette.com\/ro\/wp-json\/wp\/v2\/pages"}],"about":[{"href":"https:\/\/www.czvignette.com\/ro\/wp-json\/wp\/v2\/types\/page"}],"author":[{"embeddable":true,"href":"https:\/\/www.czvignette.com\/ro\/wp-json\/wp\/v2\/users\/1"}],"replies":[{"embeddable":true,"href":"https:\/\/www.czvignette.com\/ro\/wp-json\/wp\/v2\/comments?post=4504"}],"version-history":[{"count":0,"href":"https:\/\/www.czvignette.com\/ro\/wp-json\/wp\/v2\/pages\/4504\/revisions"}],"wp:attachment":[{"href":"https:\/\/www.czvignette.com\/ro\/wp-json\/wp\/v2\/media?parent=4504"}],"wp:term":[{"taxonomy":"category","embeddable":true,"href":"https:\/\/www.czvignette.com\/ro\/wp-json\/wp\/v2\/categories?post=4504"},{"taxonomy":"post_tag","embeddable":true,"href":"https:\/\/www.czvignette.com\/ro\/wp-json\/wp\/v2\/tags?post=4504"}],"curies":[{"name":"wp","href":"https:\/\/api.w.org\/{rel}","templated":true}]}}