{"id":4488,"date":"2024-09-27T07:37:25","date_gmt":"2024-09-27T05:37:25","guid":{"rendered":"https:\/\/www.czvignette.com\/politik-for-beskyttelse-af-personlige-oplysninger\/"},"modified":"2024-09-27T07:37:25","modified_gmt":"2024-09-27T05:37:25","slug":"politik-for-beskyttelse-af-personlige-oplysninger","status":"publish","type":"page","link":"https:\/\/www.czvignette.com\/da\/politik-for-beskyttelse-af-personlige-oplysninger\/","title":{"rendered":"Politik for beskyttelse af personlige oplysninger"},"content":{"rendered":"\n<p><strong>Erkl\u00e6ring om beskyttelse af personlige oplysninger og cookies  <\/strong><\/p>\n\n\n\n<p>1. november 2021<\/p>\n\n\n\n<p>Dit privatliv er af stor betydning for viaadmin.org. Vi overholder derfor de relevante love og regler om privatlivets fred, herunder den generelle databeskyttelsesforordning (herefter: GDPR). Det betyder, at vi:  <\/p>\n\n\n\n<p>&#8211;&nbsp;&nbsp;&nbsp;&nbsp; &nbsp;&nbsp;<strong>Angiv tydeligt vores form\u00e5l<\/strong>&nbsp;f\u00f8r vi behandler dine personlige data, gennem denne fortrolighedserkl\u00e6ring;<\/p>\n\n\n\n<p>&#8211;&nbsp;&nbsp;&nbsp;&nbsp; &nbsp;&nbsp;<strong>Gem s\u00e5 f\u00e5 persondata som muligt<\/strong>&nbsp;og kun de data, der er n\u00f8dvendige for vores form\u00e5l;<\/p>\n\n\n\n<p>&#8211;&nbsp;&nbsp;&nbsp;&nbsp; &nbsp;&nbsp;<strong>Bed udtrykkeligt om samtykke<\/strong>&nbsp;til at behandle dine personoplysninger, hvis samtykke er p\u00e5kr\u00e6vet;<\/p>\n\n\n\n<p>&#8211;&nbsp;&nbsp;&nbsp;&nbsp;&nbsp;&nbsp;<strong>Tr\u00e6ffe de n\u00f8dvendige sikkerhedsforanstaltninger<\/strong>&nbsp;for at beskytte dine personoplysninger. Vi p\u00e5l\u00e6gger ogs\u00e5 parter, der behandler personoplysninger for os, disse forpligtelser; <\/p>\n\n\n\n<p>&#8211;&nbsp;&nbsp;&nbsp;&nbsp; &nbsp;&nbsp;<strong>Respektere dine rettigheder<\/strong>&nbsp;, s\u00e5som retten til at f\u00e5 adgang til, rette eller slette dine personlige data, der behandles af os.<\/p>\n\n\n\n<p>Dine data er sikre hos os, og vi vil altid bruge disse data korrekt. I denne fortrolighedserkl\u00e6ring forklarer vi, hvad vi p\u00e5 webshoppen viaadmin.org g\u00f8r med oplysninger, som vi l\u00e6rer om dig. <\/p>\n\n\n\n<p>Hvis du har sp\u00f8rgsm\u00e5l eller gerne vil vide pr\u00e6cis, hvilke data vi opbevarer om dig, bedes du kontakte viaadmin.org.<\/p>\n\n\n\n<p><strong>Behandling af ordrer<\/strong><br>N\u00e5r du afgiver en ordre hos os, bruger vi dine personoplysninger til at behandle den korrekt. Vi kan derefter give dine personlige data til vores leveringsservice for at f\u00e5 ordren leveret til dig. Vi modtager ogs\u00e5 oplysninger om din betaling fra din bank eller dit kreditkortselskab. Til dette bruger vi dine:   <\/p>\n\n\n\n<ul class=\"wp-block-list\">\n<li>Navn og adresseoplysninger<\/li>\n\n\n\n<li>E-mail-adresse<\/li>\n\n\n\n<li>Betalingsoplysninger<\/li>\n\n\n\n<li>IP-adresse<\/li>\n\n\n\n<li>Pasoplysninger (f\u00f8dselsdato, k\u00f8n, foto, pasnummer osv.)<\/li>\n<\/ul>\n\n\n\n<p>Vi har brug for dette p\u00e5 grund af den kontrakt, vi indg\u00e5r med dig. Vi gemmer disse oplysninger, indtil din ordre er gennemf\u00f8rt. Vi opbevarer visse kundedata i l\u00e6ngere tid i forbindelse med den lovpligtige skattem\u00e6ssige opbevaringsforpligtelse.  <\/p>\n\n\n\n<p><em>Videregivelse til tredjeparter<\/em><br>Vi samarbejder med visse virksomheder, der kan modtage dine personoplysninger som n\u00e6vnt ovenfor fra os.<\/p>\n\n\n\n<p>For at behandle ordrer arbejder vi sammen med:<\/p>\n\n\n\n<ul class=\"wp-block-list\">\n<li>Vores betalingsudbydere Mollie og Multisafepay<\/li>\n\n\n\n<li>Regeringen eller udenrigsministeriet i det land, du ans\u00f8ger om visum til<\/li>\n<\/ul>\n\n\n\n<p><strong>Kontaktformular<\/strong><br>Du kan bruge kontaktformularen til at stille os sp\u00f8rgsm\u00e5l eller komme med anmodninger. Til dette bruger vi din: <\/p>\n\n\n\n<ul class=\"wp-block-list\">\n<li>E-mail-adresse<\/li>\n<\/ul>\n\n\n\n<p>Det g\u00f8r vi p\u00e5 baggrund af dit samtykke. Vi gemmer disse oplysninger, indtil vi er sikre p\u00e5, at du er tilfreds med vores svar. <\/p>\n\n\n\n<p><strong>Reklamer<\/strong><br>Vores webshop viser reklamer. Vi udgiver dem ikke selv, men det g\u00f8r reklamebureauer, som vi samarbejder med. Disse bureauer holder \u00f8je med, om du finder reklamerne interessante, og bruger disse oplysninger til kun at vise dig sjove eller interessante reklamer og tilbud i fremtiden.  <\/p>\n\n\n\n<p><strong>Levering til andre virksomheder eller institutioner<\/strong><br>Med undtagelse af de parter, der er n\u00f8dvendige for at levere de ovenn\u00e6vnte tjenester, vil vi under ingen omst\u00e6ndigheder levere dine personlige data til andre virksomheder eller institutioner, medmindre vi er juridisk forpligtet til at g\u00f8re det (f.eks. hvis politiet kr\u00e6ver dette i tilf\u00e6lde af en mistanke om kriminalitet).&nbsp;<\/p>\n\n\n\n<p><strong>Statistik<\/strong><br>Vi f\u00f8rer statistik over brugen af vores webshop, men disse data er altid anonymiserede.&nbsp;<\/p>\n\n\n\n<p><strong>Cookies<\/strong><br>Vores webshop bruger cookies. Cookies er sm\u00e5 filer, hvor vi kan gemme oplysninger, s\u00e5 du ikke beh\u00f8ver at udfylde dem igen. Men vi kan ogs\u00e5 se, at du bes\u00f8ger os igen.  <\/p>\n\n\n\n<p>Du kan sl\u00e5 placeringen af cookies fra via din browser, men nogle dele af vores webshop vil s\u00e5 ikke l\u00e6ngere fungere korrekt.<\/p>\n\n\n\n<p>Vi har indg\u00e5et aftaler med andre virksomheder, der placerer cookies, om brugen af cookies. Vi har dog ikke fuld kontrol over, hvad de selv g\u00f8r med cookies. S\u00e5 l\u00e6s ogs\u00e5 deres privatlivserkl\u00e6ringer.  <\/p>\n\n\n\n<p>Sikkerhed<br><strong>Sikkerheden<\/strong> af personlige data er af stor betydning for os. Vi s\u00f8rger for, at dine data er godt sikret hos os. Vi justerer l\u00f8bende sikkerheden og er meget opm\u00e6rksomme p\u00e5, hvad der kan g\u00e5 galt.  <\/p>\n\n\n\n<p><strong>\u00c6ndringer i denne databeskyttelseserkl\u00e6ring<\/strong><br>N\u00e5r vores webshop \u00e6ndres, skal vi selvf\u00f8lgelig ogs\u00e5 justere databeskyttelseserkl\u00e6ringen. S\u00e5 v\u00e6r altid opm\u00e6rksom p\u00e5 datoen ovenfor, og tjek regelm\u00e6ssigt for nye versioner. Vi vil g\u00f8re vores bedste for at videregive \u00e6ndringer til dig.  <\/p>\n\n\n\n<p><strong>Dine rettigheder<\/strong><br>Hvis du har sp\u00f8rgsm\u00e5l eller gerne vil vide, hvilke personoplysninger vi har om dig, kan du altid kontakte os. Se kontaktoplysningerne nedenfor. <\/p>\n\n\n\n<p>Du har f\u00f8lgende rettigheder:<\/p>\n\n\n\n<ul class=\"wp-block-list\">\n<li>F\u00e5 en forklaring p\u00e5, hvilke persondata vi har, og hvad vi g\u00f8r med dem;<\/li>\n\n\n\n<li>Adgang til de pr\u00e6cise personoplysninger, vi har;<\/li>\n\n\n\n<li>At f\u00e5 rettet fejl;<\/li>\n\n\n\n<li>F\u00e5 fjernet for\u00e6ldede persondata;<\/li>\n\n\n\n<li>Overf\u00f8rsel af personoplysninger til en anden part;<\/li>\n\n\n\n<li>Tilbagekaldelse af samtykke;<\/li>\n\n\n\n<li>Begr\u00e6ns en bestemt behandling;<\/li>\n\n\n\n<li>At g\u00f8re indsigelse mod en bestemt anvendelse.<\/li>\n<\/ul>\n\n\n\n<p>V\u00e6r opm\u00e6rksom p\u00e5, at du altid tydeligt skal angive, hvem du er, s\u00e5 vi kan v\u00e6re sikre p\u00e5, at vi ikke justerer eller sletter data fra den forkerte person.<\/p>\n\n\n\n<p>Vi vil i princippet efterkomme din anmodning inden for en m\u00e5ned. Denne periode kan dog forl\u00e6nges af \u00e5rsager, der er relateret til de registreredes specifikke rettigheder eller anmodningens kompleksitet. Hvis vi forl\u00e6nger denne periode, vil vi informere dig rettidigt.  <\/p>\n\n\n\n<p><strong>Indgivelse<\/strong> af en klage<br>Hvis du \u00f8nsker at indgive en klage over brugen af dine personlige data, kan du sende en e-mail til contact@viaadmin.org. Vi vil h\u00e5ndtere alle klager internt og kommunikere videre med dig. <\/p>\n\n\n\n<p>Hvis du f\u00f8ler, at vi ikke hj\u00e6lper dig p\u00e5 den rigtige m\u00e5de, har du ret til at indgive en klage til tilsynsmyndigheden. Dette kaldes den hollandske databeskyttelsesmyndighed. <\/p>\n\n\n\n<p><strong>Kontaktoplysninger<\/strong><\/p>\n\n\n\n<p><strong>Adresse<\/strong>: GOVIGNETTE LTD, a 128 City Road, London, Storbritannien, EC1V 2NX<\/p>\n\n\n\n<p>E-mail: E-mail:&nbsp;contact@viaadmin.org<\/p>\n\n\n\n<p>Kontakt : +44 077 5757 7501<\/p>\n","protected":false},"excerpt":{"rendered":"<p>Erkl\u00e6ring om beskyttelse af personlige oplysninger og cookies 1. november 2021 Dit privatliv er af stor betydning for viaadmin.org. Vi overholder derfor de relevante love og regler om privatlivets fred, herunder den generelle databeskyttelsesforordning (herefter: GDPR). Det betyder, at vi: &#8211;&nbsp;&nbsp;&nbsp;&nbsp; &nbsp;&nbsp;Angiv tydeligt vores form\u00e5l&nbsp;f\u00f8r vi behandler dine personlige data, gennem denne fortrolighedserkl\u00e6ring; &#8211;&nbsp;&nbsp;&nbsp;&nbsp; &nbsp;&nbsp;Gem [&hellip;]<\/p>\n","protected":false},"author":1,"featured_media":0,"parent":0,"menu_order":0,"comment_status":"closed","ping_status":"closed","template":"","meta":{"inline_featured_image":false,"_uag_custom_page_level_css":"","site-sidebar-layout":"default","site-content-layout":"","ast-site-content-layout":"default","site-content-style":"default","site-sidebar-style":"default","ast-global-header-display":"","ast-banner-title-visibility":"","ast-main-header-display":"","ast-hfb-above-header-display":"","ast-hfb-below-header-display":"","ast-hfb-mobile-header-display":"","site-post-title":"","ast-breadcrumbs-content":"","ast-featured-img":"","footer-sml-layout":"","theme-transparent-header-meta":"","adv-header-id-meta":"","stick-header-meta":"","header-above-stick-meta":"","header-main-stick-meta":"","header-below-stick-meta":"","astra-migrate-meta-layouts":"default","ast-page-background-enabled":"default","ast-page-background-meta":{"desktop":{"background-color":"","background-image":"","background-repeat":"repeat","background-position":"center center","background-size":"auto","background-attachment":"scroll","background-type":"","background-media":"","overlay-type":"","overlay-color":"","overlay-opacity":"","overlay-gradient":""},"tablet":{"background-color":"","background-image":"","background-repeat":"repeat","background-position":"center center","background-size":"auto","background-attachment":"scroll","background-type":"","background-media":"","overlay-type":"","overlay-color":"","overlay-opacity":"","overlay-gradient":""},"mobile":{"background-color":"","background-image":"","background-repeat":"repeat","background-position":"center center","background-size":"auto","background-attachment":"scroll","background-type":"","background-media":"","overlay-type":"","overlay-color":"","overlay-opacity":"","overlay-gradient":""}},"ast-content-background-meta":{"desktop":{"background-color":"var(--ast-global-color-5)","background-image":"","background-repeat":"repeat","background-position":"center center","background-size":"auto","background-attachment":"scroll","background-type":"","background-media":"","overlay-type":"","overlay-color":"","overlay-opacity":"","overlay-gradient":""},"tablet":{"background-color":"var(--ast-global-color-5)","background-image":"","background-repeat":"repeat","background-position":"center center","background-size":"auto","background-attachment":"scroll","background-type":"","background-media":"","overlay-type":"","overlay-color":"","overlay-opacity":"","overlay-gradient":""},"mobile":{"background-color":"var(--ast-global-color-5)","background-image":"","background-repeat":"repeat","background-position":"center center","background-size":"auto","background-attachment":"scroll","background-type":"","background-media":"","overlay-type":"","overlay-color":"","overlay-opacity":"","overlay-gradient":""}},"footnotes":""},"categories":[],"tags":[123],"class_list":["post-4488","page","type-page","status-publish","hentry","tag-noindex-da"],"uagb_featured_image_src":{"full":false,"thumbnail":false,"medium":false,"medium_large":false,"large":false,"1536x1536":false,"2048x2048":false},"uagb_author_info":{"display_name":"admin","author_link":"https:\/\/www.czvignette.com\/da\/author\/admin\/"},"uagb_comment_info":0,"uagb_excerpt":"Erkl\u00e6ring om beskyttelse af personlige oplysninger og cookies 1. november 2021 Dit privatliv er af stor betydning for viaadmin.org. Vi overholder derfor de relevante love og regler om privatlivets fred, herunder den generelle databeskyttelsesforordning (herefter: GDPR). Det betyder, at vi: &#8211;&nbsp;&nbsp;&nbsp;&nbsp; &nbsp;&nbsp;Angiv tydeligt vores form\u00e5l&nbsp;f\u00f8r vi behandler dine personlige data, gennem denne fortrolighedserkl\u00e6ring; &#8211;&nbsp;&nbsp;&nbsp;&nbsp; &nbsp;&nbsp;Gem&hellip;","_links":{"self":[{"href":"https:\/\/www.czvignette.com\/da\/wp-json\/wp\/v2\/pages\/4488"}],"collection":[{"href":"https:\/\/www.czvignette.com\/da\/wp-json\/wp\/v2\/pages"}],"about":[{"href":"https:\/\/www.czvignette.com\/da\/wp-json\/wp\/v2\/types\/page"}],"author":[{"embeddable":true,"href":"https:\/\/www.czvignette.com\/da\/wp-json\/wp\/v2\/users\/1"}],"replies":[{"embeddable":true,"href":"https:\/\/www.czvignette.com\/da\/wp-json\/wp\/v2\/comments?post=4488"}],"version-history":[{"count":0,"href":"https:\/\/www.czvignette.com\/da\/wp-json\/wp\/v2\/pages\/4488\/revisions"}],"wp:attachment":[{"href":"https:\/\/www.czvignette.com\/da\/wp-json\/wp\/v2\/media?parent=4488"}],"wp:term":[{"taxonomy":"category","embeddable":true,"href":"https:\/\/www.czvignette.com\/da\/wp-json\/wp\/v2\/categories?post=4488"},{"taxonomy":"post_tag","embeddable":true,"href":"https:\/\/www.czvignette.com\/da\/wp-json\/wp\/v2\/tags?post=4488"}],"curies":[{"name":"wp","href":"https:\/\/api.w.org\/{rel}","templated":true}]}}